{"id":13630,"date":"2019-11-04T17:33:12","date_gmt":"2019-11-04T16:33:12","guid":{"rendered":"https:\/\/fotografiadlaciekawych.pl\/?page_id=13630"},"modified":"2024-12-17T12:18:26","modified_gmt":"2024-12-17T11:18:26","slug":"o-mnie","status":"publish","type":"page","link":"https:\/\/fotografiadlaciekawych.pl\/index.php\/o-mnie\/","title":{"rendered":"O mnie"},"content":{"rendered":"<p><a href=\"https:\/\/fotografiadlaciekawych.pl\/wp-content\/uploads\/2019\/11\/przemyslaw-oziemblewski-191030_3555.jpg\" rel=\"lightbox\"><img loading=\"lazy\" decoding=\"async\" class=\"alignnone size-medium wp-image-13637\" src=\"https:\/\/fotografiadlaciekawych.pl\/wp-content\/uploads\/2019\/11\/przemyslaw-oziemblewski-191030_3555-400x267.jpg\" alt=\"Przemys\u0142aw Oziemblewski\" width=\"400\" height=\"267\" srcset=\"https:\/\/fotografiadlaciekawych.pl\/wp-content\/uploads\/2019\/11\/przemyslaw-oziemblewski-191030_3555-400x267.jpg 400w, https:\/\/fotografiadlaciekawych.pl\/wp-content\/uploads\/2019\/11\/przemyslaw-oziemblewski-191030_3555-768x512.jpg 768w, https:\/\/fotografiadlaciekawych.pl\/wp-content\/uploads\/2019\/11\/przemyslaw-oziemblewski-191030_3555.jpg 1000w\" sizes=\"auto, (max-width: 400px) 100vw, 400px\" \/><\/a><\/p>\n<h2>Przemys\u0142aw Oziemblewski<\/h2>\n<p>Autor wysoko cenionych <a href=\"https:\/\/oziemblewski.com\/publikacje\/sciagi-fotograficzne\/\" target=\"_blank\" rel=\"noopener\">\u015bci\u0105g fotograficznych<\/a>, kurs\u00f3w i poradnik\u00f3w w tym: <a href=\"https:\/\/oziemblewski.com\/publikacje\/magia-nocnych-zdjec\/\">\u201cMagia nocnych zdj\u0119\u0107\u201d<\/a>, <a href=\"https:\/\/oziemblewski.com\/publikacje\/ekspozycja-barwa-ostrosc\/\" target=\"_blank\" rel=\"noopener noreferrer\">&#8222;Ekspozycja &#8211; Barwa &#8211; Ostro\u015b\u0107&#8221;<\/a>, <a href=\"https:\/\/oziemblewski.com\/publikacje\/sekrety-swiatla\/\" target=\"_blank\" rel=\"noopener noreferrer\">&#8222;Sekrety \u015bwiat\u0142a&#8221;<\/a>, <a href=\"http:\/\/oziemblewski.com\/publikacje\/magia-glebi-ostrosci\/\" target=\"_blank\" rel=\"noopener noreferrer\">&#8222;Magia g\u0142\u0119bi ostro\u015bci i ozdobnego rozpraszania t\u0142a&#8221;<\/a>, <a href=\"https:\/\/oziemblewski.com\/publikacje\/magia-czasu-migawki\/\" target=\"_blank\" rel=\"noopener noreferrer\">&#8222;Magia czasu migawki&#8221;<\/a>, <a href=\"https:\/\/oziemblewski.com\/publikacje\/diy-akcesoria-fotograficzne\/\" target=\"_blank\" rel=\"noopener noreferrer\">&#8222;DIY &#8211; akcesoria fotograficzne&#8221;<\/a> i innych. Zosta\u0142y one sprzedane w \u0142\u0105cznym nak\u0142adzie ponad 9 tysi\u0119cy egzemplarzy i udost\u0119pnie\u0144.<\/p>\n<p><a href=\"https:\/\/fotografiadlaciekawych.pl\/wp-content\/uploads\/2024\/12\/publikacje-poradniki-2024-oziemblewski-771x1080-1.jpg\" rel=\"lightbox\"><img loading=\"lazy\" decoding=\"async\" class=\"alignnone size-medium wp-image-20042\" src=\"https:\/\/fotografiadlaciekawych.pl\/wp-content\/uploads\/2024\/12\/publikacje-poradniki-2024-oziemblewski-400x561-1.jpg\" alt=\"Poradniki, ebooki Przemys\u0142aw Oziemblewski\" width=\"400\" height=\"561\" \/><\/a><br \/>\n<a href=\"https:\/\/oziemblewski.com\/publikacje\/\" target=\"_blank\" rel=\"noopener\">Zobacz publikacje opisane na stronie oziemblewski.com<\/a><\/p>\n<p>W 2006 roku udost\u0119pni\u0142 prawdopodobnie pierwszy polski ebook o fotografii <a href=\"https:\/\/fotografiadlaciekawych.pl\/index.php\/ebook\/\">&#8222;Fotografia dla ciekawych&#8221;<\/a>. Drugie jego wydanie z 2019 roku w ci\u0105gu pierwszych trzech dni zosta\u0142o pobrane ponad tysi\u0105c razy.<\/p>\n<p><a href=\"https:\/\/fotografiadlaciekawych.pl\/wp-content\/uploads\/2020\/04\/200306_IMG_6896_1000px-3.jpg\" rel=\"lightbox\"><img loading=\"lazy\" decoding=\"async\" class=\"alignnone size-medium wp-image-14322\" src=\"https:\/\/fotografiadlaciekawych.pl\/wp-content\/uploads\/2020\/04\/200306_IMG_6896_1000px-3-400x267.jpg\" alt=\"Warsztaty fotograficzne\" width=\"400\" height=\"267\" srcset=\"https:\/\/fotografiadlaciekawych.pl\/wp-content\/uploads\/2020\/04\/200306_IMG_6896_1000px-3-400x267.jpg 400w, https:\/\/fotografiadlaciekawych.pl\/wp-content\/uploads\/2020\/04\/200306_IMG_6896_1000px-3-768x512.jpg 768w, https:\/\/fotografiadlaciekawych.pl\/wp-content\/uploads\/2020\/04\/200306_IMG_6896_1000px-3.jpg 1000w\" sizes=\"auto, (max-width: 400px) 100vw, 400px\" \/><\/a><\/p>\n<p>Prowadzi\u0142 stacjonarne <a href=\"https:\/\/fotografiadlaciekawych.pl\/index.php\/2020\/03\/11\/fotograficzna-relacja-ze-spotkania-foto-kawa-gra-swiatlem\/\">warsztaty<\/a> i <a href=\"https:\/\/fotografiadlaciekawych.pl\/index.php\/2017\/03\/01\/wystawa-prac-sekcji-fotograficznej-utw-w-chodziezy\/\">kursy fotograficzne<\/a> oraz on-line za po\u015brednictwem Internetu.<\/p>\n<p>Szczeg\u00f3lnie bliski jest mu temat \u015bwiat\u0142a r\u00f3wnie\u017c z racji zawodowych do\u015bwiadcze\u0144. Po uko\u0144czeniu specjalno\u015bci Technika \u015awietlna na Politechnice Pozna\u0144skiej pracowa\u0142 przez kilkana\u015bcie lat w du\u017cej firmie o\u015bwietleniowej. Zajmowa\u0142 si\u0119 w niej projektowaniem o\u015bwietlenia. By\u0142 r\u00f3wnie\u017c redaktorem magazynu o\u015bwietleniowego <a href=\"http:\/\/www.swiatlo.tak.pl\/1\/index.php\/darmowe-magazyny-i-publikacje-polskojezyczne\/\" target=\"_blank\" rel=\"noopener noreferrer\">\u201eWidzie\u0107 wi\u0119cej\u201d<\/a>. Obecnie prowadzi w\u0142asn\u0105 firm\u0119 <strong><a href=\"http:\/\/oziemblewski.com\" target=\"_blank\" rel=\"noopener noreferrer\">takart Przemys\u0142aw Oziemblewski<\/a><\/strong>.<\/p>\n<p>Pasjonat fotografii od m\u0142odzie\u0144czych lat. Propagator wiedzy o fotografowaniu. Doradza jak lepiej fotografowa\u0107 i czerpa\u0107 z tego rado\u015b\u0107. Pomaga pocz\u0105tkuj\u0105cym fotografom w rozwijaniu ich fotograficznej pasji. Tw\u00f3rca bloga <a href=\"https:\/\/fotografiadlaciekawych.pl\">FotografiaDlaCiekawych.pl<\/a>, kt\u00f3rego odwiedzi\u0142o ju\u017c ponad 3 miliony u\u017cytkownik\u00f3w.<\/p>\n<p>Wierzy, \u017ce dzi\u0119ki fotografii cz\u0142owiek mo\u017ce zobaczy\u0107 wi\u0119cej i by\u0107 bardziej wra\u017cliwym na otaczaj\u0105cy go \u015bwiat.<\/p>\n<p><a href=\"https:\/\/fotografiadlaciekawych.pl\/wp-content\/uploads\/2022\/01\/nasza-magia-swiat-konkurs-fotograficzny.jpg\" rel=\"lightbox\"><img loading=\"lazy\" decoding=\"async\" class=\"alignnone size-medium wp-image-20037\" src=\"https:\/\/fotografiadlaciekawych.pl\/wp-content\/uploads\/2022\/01\/nasza-magia-swiat-konkurs-fotograficzny-400x372.jpg\" alt=\"Moja magia \u015bwi\u0105t - laureat Przemys\u0142aw Oziemblewski\" width=\"400\" height=\"372\" srcset=\"https:\/\/fotografiadlaciekawych.pl\/wp-content\/uploads\/2022\/01\/nasza-magia-swiat-konkurs-fotograficzny-400x372.jpg 400w, https:\/\/fotografiadlaciekawych.pl\/wp-content\/uploads\/2022\/01\/nasza-magia-swiat-konkurs-fotograficzny.jpg 693w\" sizes=\"auto, (max-width: 400px) 100vw, 400px\" \/><\/a><\/p>\n<h2>Nagrody<\/h2>\n<ul>\n<li>2022 &#8211; <a href=\"https:\/\/fotografiadlaciekawych.pl\/index.php\/2022\/12\/02\/pierwsza-nagroda-w-konkursie-fotograficznym-jesienny-pejzaz\/\">I miejsce w konkursie &#8222;Jesienny pejza\u017c&#8221;.<\/a> Organizator \u201eFoto Kawa\u201d przy Miejskiej Bibliotece Publicznej w Chodzie\u017cy.<\/li>\n<li>2022 &#8211; <a href=\"https:\/\/fotografiadlaciekawych.pl\/index.php\/2022\/01\/13\/fajnie-jest-dostac-nagrode-za-zdjecie\/\">Laureat konkursu &#8222;Moja Magia \u015awi\u0105t&#8221;.<\/a> Organizator: Gmina Miejska w Chodzie\u017cy.<\/li>\n<li>2020 &#8211; <a href=\"https:\/\/fotografiadlaciekawych.pl\/index.php\/2020\/08\/25\/podsumowanie-konkursu-fotograficznego-w-ramach-7-photo-summer-day\/\">I i II miejsce w konkursie, w ramach 7 Photo Summer Day.<\/a> Organizator: Jurajski Festiwal Fotograficzny.<\/li>\n<li>2013 &#8211; Zwyci\u0119zca konkursu &#8222;W ruchu&#8221; &#8211; Pozna\u0144 Ta\u0144czy. Organizator: Fujifilm Poland.<\/li>\n<li>2011 &#8211; III miejsce w konkursie WordPress Power. Organizator: Helion<\/li>\n<\/ul>\n<h2>Wystawy<\/h2>\n<ul>\n<li>2020 &#8211; Wystawa zbiorowa &#8222;Makrofotografia i natura z bliska&#8221; &#8211; Miejska Biblioteka Publiczna w\u00a0Chodzie\u017cy<\/li>\n<li>2018 &#8211; Wystawa zbiorowa &#8222;Photo Day, czyli chodzieskie w\u0119dr\u00f3wki z aparatem&#8221; &#8211; Miejska Biblioteka Publiczna w\u00a0Chodzie\u017cy<\/li>\n<li>2017 &#8211; Zbiorowa wystawa prac prowadzonej sekcji fotograficznej Uniwersytetu Trzeciego Wieku w Chodzie\u017cy<\/li>\n<\/ul>\n<h2>Publikacje w prasie drukowanej<\/h2>\n<ul>\n<li><a href=\"https:\/\/fotografiadlaciekawych.pl\/wp-content\/uploads\/2024\/09\/bielskirynek-2015-jak-fotografowac-fajerwerki.jpg\" target=\"_blank\" rel=\"noopener\">\u201eJak fotografowa\u0107 fajerwerki?\u201d Bielski Rynek \u2014 grudzie\u0144 2015<\/a><\/li>\n<li>\u201eRok 2020 &#8211; Super OKO\u201d magazyn FOTO 4\/99<\/li>\n<\/ul>\n","protected":false},"excerpt":{"rendered":"<p>Przemys\u0142aw Oziemblewski Autor wysoko cenionych \u015bci\u0105g fotograficznych, kurs\u00f3w i poradnik\u00f3w w tym: \u201cMagia nocnych zdj\u0119\u0107\u201d, &#8222;Ekspozycja &#8211; Barwa &#8211; Ostro\u015b\u0107&#8221;, &#8222;Sekrety \u015bwiat\u0142a&#8221;, &#8222;Magia g\u0142\u0119bi ostro\u015bci i ozdobnego rozpraszania t\u0142a&#8221;, &#8222;Magia czasu migawki&#8221;, &#8222;DIY &#8211; akcesoria fotograficzne&#8221; i innych. Zosta\u0142y one sprzedane w \u0142\u0105cznym nak\u0142adzie ponad 9 tysi\u0119cy egzemplarzy i udost\u0119pnie\u0144. Zobacz publikacje opisane na stronie &hellip; <a href=\"https:\/\/fotografiadlaciekawych.pl\/index.php\/o-mnie\/\" class=\"more-link\">Czytaj dalej <span class=\"screen-reader-text\">O mnie<\/span> <span class=\"meta-nav\">&rarr;<\/span><\/a><\/p>\n","protected":false},"author":1,"featured_media":0,"parent":0,"menu_order":0,"comment_status":"closed","ping_status":"closed","template":"","meta":{"jetpack_post_was_ever_published":false,"footnotes":""},"class_list":["post-13630","page","type-page","status-publish","hentry"],"yoast_head":"<!-- This site is optimized with the Yoast SEO plugin v27.3 - https:\/\/yoast.com\/product\/yoast-seo-wordpress\/ -->\n<title>O mnie - Przemys\u0142aw Oziemblewski - Fotografia dla ciekawych<\/title>\n<meta name=\"description\" content=\"Przemys\u0142aw Oziemblewski - pasjonat fotografii od m\u0142odzie\u0144czych lat. Propagator wiedzy o fotografowaniu. Doradza jak lepiej fotografowa\u0107. Pomaga ...\" \/>\n<meta name=\"robots\" content=\"index, follow, max-snippet:-1, max-image-preview:large, max-video-preview:-1\" \/>\n<link rel=\"canonical\" href=\"https:\/\/fotografiadlaciekawych.pl\/index.php\/o-mnie\/\" \/>\n<meta property=\"og:locale\" content=\"pl_PL\" \/>\n<meta property=\"og:type\" content=\"article\" \/>\n<meta property=\"og:title\" content=\"O mnie - Przemys\u0142aw Oziemblewski - Fotografia dla ciekawych\" \/>\n<meta property=\"og:description\" content=\"Przemys\u0142aw Oziemblewski - pasjonat fotografii od m\u0142odzie\u0144czych lat. Propagator wiedzy o fotografowaniu. Doradza jak lepiej fotografowa\u0107. Pomaga ...\" \/>\n<meta property=\"og:url\" content=\"https:\/\/fotografiadlaciekawych.pl\/index.php\/o-mnie\/\" \/>\n<meta property=\"og:site_name\" content=\"Fotografia dla ciekawych\" \/>\n<meta property=\"article:publisher\" content=\"https:\/\/www.facebook.com\/przemyslaw.oziemblewski\" \/>\n<meta property=\"article:modified_time\" content=\"2024-12-17T11:18:26+00:00\" \/>\n<meta property=\"og:image\" content=\"https:\/\/fotografiadlaciekawych.pl\/wp-content\/uploads\/2019\/11\/przemyslaw-oziemblewski-191030_3555.jpg\" \/>\n\t<meta property=\"og:image:width\" content=\"1000\" \/>\n\t<meta property=\"og:image:height\" content=\"667\" \/>\n\t<meta property=\"og:image:type\" content=\"image\/jpeg\" \/>\n<meta name=\"twitter:label1\" content=\"Szacowany czas czytania\" \/>\n\t<meta name=\"twitter:data1\" content=\"3 minuty\" \/>\n<script type=\"application\/ld+json\" class=\"yoast-schema-graph\">{\"@context\":\"https:\\\/\\\/schema.org\",\"@graph\":[{\"@type\":\"WebPage\",\"@id\":\"https:\\\/\\\/fotografiadlaciekawych.pl\\\/index.php\\\/o-mnie\\\/\",\"url\":\"https:\\\/\\\/fotografiadlaciekawych.pl\\\/index.php\\\/o-mnie\\\/\",\"name\":\"O mnie - Przemys\u0142aw Oziemblewski - Fotografia dla ciekawych\",\"isPartOf\":{\"@id\":\"https:\\\/\\\/fotografiadlaciekawych.pl\\\/#website\"},\"primaryImageOfPage\":{\"@id\":\"https:\\\/\\\/fotografiadlaciekawych.pl\\\/index.php\\\/o-mnie\\\/#primaryimage\"},\"image\":{\"@id\":\"https:\\\/\\\/fotografiadlaciekawych.pl\\\/index.php\\\/o-mnie\\\/#primaryimage\"},\"thumbnailUrl\":\"https:\\\/\\\/fotografiadlaciekawych.pl\\\/wp-content\\\/uploads\\\/2019\\\/11\\\/przemyslaw-oziemblewski-191030_3555-400x267.jpg\",\"datePublished\":\"2019-11-04T16:33:12+00:00\",\"dateModified\":\"2024-12-17T11:18:26+00:00\",\"description\":\"Przemys\u0142aw Oziemblewski - pasjonat fotografii od m\u0142odzie\u0144czych lat. Propagator wiedzy o fotografowaniu. Doradza jak lepiej fotografowa\u0107. Pomaga ...\",\"breadcrumb\":{\"@id\":\"https:\\\/\\\/fotografiadlaciekawych.pl\\\/index.php\\\/o-mnie\\\/#breadcrumb\"},\"inLanguage\":\"pl-PL\",\"potentialAction\":[{\"@type\":\"ReadAction\",\"target\":[\"https:\\\/\\\/fotografiadlaciekawych.pl\\\/index.php\\\/o-mnie\\\/\"]}]},{\"@type\":\"ImageObject\",\"inLanguage\":\"pl-PL\",\"@id\":\"https:\\\/\\\/fotografiadlaciekawych.pl\\\/index.php\\\/o-mnie\\\/#primaryimage\",\"url\":\"https:\\\/\\\/fotografiadlaciekawych.pl\\\/wp-content\\\/uploads\\\/2019\\\/11\\\/przemyslaw-oziemblewski-191030_3555.jpg\",\"contentUrl\":\"https:\\\/\\\/fotografiadlaciekawych.pl\\\/wp-content\\\/uploads\\\/2019\\\/11\\\/przemyslaw-oziemblewski-191030_3555.jpg\",\"width\":1000,\"height\":667,\"caption\":\"Przemys\u0142aw Oziemblewski\"},{\"@type\":\"BreadcrumbList\",\"@id\":\"https:\\\/\\\/fotografiadlaciekawych.pl\\\/index.php\\\/o-mnie\\\/#breadcrumb\",\"itemListElement\":[{\"@type\":\"ListItem\",\"position\":1,\"name\":\"Home\",\"item\":\"https:\\\/\\\/fotografiadlaciekawych.pl\\\/\"},{\"@type\":\"ListItem\",\"position\":2,\"name\":\"O mnie\"}]},{\"@type\":\"WebSite\",\"@id\":\"https:\\\/\\\/fotografiadlaciekawych.pl\\\/#website\",\"url\":\"https:\\\/\\\/fotografiadlaciekawych.pl\\\/\",\"name\":\"Fotografia dla ciekawych\",\"description\":\"Blog prowadzony od 2008 r.\",\"publisher\":{\"@id\":\"https:\\\/\\\/fotografiadlaciekawych.pl\\\/#\\\/schema\\\/person\\\/a9c16bf51d40163ef50c7170ff56de4d\"},\"potentialAction\":[{\"@type\":\"SearchAction\",\"target\":{\"@type\":\"EntryPoint\",\"urlTemplate\":\"https:\\\/\\\/fotografiadlaciekawych.pl\\\/?s={search_term_string}\"},\"query-input\":{\"@type\":\"PropertyValueSpecification\",\"valueRequired\":true,\"valueName\":\"search_term_string\"}}],\"inLanguage\":\"pl-PL\"},{\"@type\":[\"Person\",\"Organization\"],\"@id\":\"https:\\\/\\\/fotografiadlaciekawych.pl\\\/#\\\/schema\\\/person\\\/a9c16bf51d40163ef50c7170ff56de4d\",\"name\":\"Przemys\u0142aw Oziemblewski\",\"image\":{\"@type\":\"ImageObject\",\"inLanguage\":\"pl-PL\",\"@id\":\"https:\\\/\\\/fotografiadlaciekawych.pl\\\/wp-content\\\/uploads\\\/2020\\\/12\\\/przemek-oziemblewski-250px.jpg\",\"url\":\"https:\\\/\\\/fotografiadlaciekawych.pl\\\/wp-content\\\/uploads\\\/2020\\\/12\\\/przemek-oziemblewski-250px.jpg\",\"contentUrl\":\"https:\\\/\\\/fotografiadlaciekawych.pl\\\/wp-content\\\/uploads\\\/2020\\\/12\\\/przemek-oziemblewski-250px.jpg\",\"width\":250,\"height\":250,\"caption\":\"Przemys\u0142aw Oziemblewski\"},\"logo\":{\"@id\":\"https:\\\/\\\/fotografiadlaciekawych.pl\\\/wp-content\\\/uploads\\\/2020\\\/12\\\/przemek-oziemblewski-250px.jpg\"},\"sameAs\":[\"http:\\\/\\\/fotografiadlaciekawych.pl\",\"https:\\\/\\\/www.facebook.com\\\/przemyslaw.oziemblewski\",\"https:\\\/\\\/www.instagram.com\\\/p.oziemblewski\\\/\",\"https:\\\/\\\/www.pinterest.com\\\/fotodcpl\\\/\",\"https:\\\/\\\/youtube.com\\\/@PrzemyslawOziemblewski\"]}]}<\/script>\n<!-- \/ Yoast SEO plugin. -->","yoast_head_json":{"title":"O mnie - Przemys\u0142aw Oziemblewski - Fotografia dla ciekawych","description":"Przemys\u0142aw Oziemblewski - pasjonat fotografii od m\u0142odzie\u0144czych lat. Propagator wiedzy o fotografowaniu. Doradza jak lepiej fotografowa\u0107. Pomaga ...","robots":{"index":"index","follow":"follow","max-snippet":"max-snippet:-1","max-image-preview":"max-image-preview:large","max-video-preview":"max-video-preview:-1"},"canonical":"https:\/\/fotografiadlaciekawych.pl\/index.php\/o-mnie\/","og_locale":"pl_PL","og_type":"article","og_title":"O mnie - Przemys\u0142aw Oziemblewski - Fotografia dla ciekawych","og_description":"Przemys\u0142aw Oziemblewski - pasjonat fotografii od m\u0142odzie\u0144czych lat. Propagator wiedzy o fotografowaniu. Doradza jak lepiej fotografowa\u0107. Pomaga ...","og_url":"https:\/\/fotografiadlaciekawych.pl\/index.php\/o-mnie\/","og_site_name":"Fotografia dla ciekawych","article_publisher":"https:\/\/www.facebook.com\/przemyslaw.oziemblewski","article_modified_time":"2024-12-17T11:18:26+00:00","og_image":[{"width":1000,"height":667,"url":"https:\/\/fotografiadlaciekawych.pl\/wp-content\/uploads\/2019\/11\/przemyslaw-oziemblewski-191030_3555.jpg","type":"image\/jpeg"}],"twitter_misc":{"Szacowany czas czytania":"3 minuty"},"schema":{"@context":"https:\/\/schema.org","@graph":[{"@type":"WebPage","@id":"https:\/\/fotografiadlaciekawych.pl\/index.php\/o-mnie\/","url":"https:\/\/fotografiadlaciekawych.pl\/index.php\/o-mnie\/","name":"O mnie - Przemys\u0142aw Oziemblewski - Fotografia dla ciekawych","isPartOf":{"@id":"https:\/\/fotografiadlaciekawych.pl\/#website"},"primaryImageOfPage":{"@id":"https:\/\/fotografiadlaciekawych.pl\/index.php\/o-mnie\/#primaryimage"},"image":{"@id":"https:\/\/fotografiadlaciekawych.pl\/index.php\/o-mnie\/#primaryimage"},"thumbnailUrl":"https:\/\/fotografiadlaciekawych.pl\/wp-content\/uploads\/2019\/11\/przemyslaw-oziemblewski-191030_3555-400x267.jpg","datePublished":"2019-11-04T16:33:12+00:00","dateModified":"2024-12-17T11:18:26+00:00","description":"Przemys\u0142aw Oziemblewski - pasjonat fotografii od m\u0142odzie\u0144czych lat. Propagator wiedzy o fotografowaniu. Doradza jak lepiej fotografowa\u0107. Pomaga ...","breadcrumb":{"@id":"https:\/\/fotografiadlaciekawych.pl\/index.php\/o-mnie\/#breadcrumb"},"inLanguage":"pl-PL","potentialAction":[{"@type":"ReadAction","target":["https:\/\/fotografiadlaciekawych.pl\/index.php\/o-mnie\/"]}]},{"@type":"ImageObject","inLanguage":"pl-PL","@id":"https:\/\/fotografiadlaciekawych.pl\/index.php\/o-mnie\/#primaryimage","url":"https:\/\/fotografiadlaciekawych.pl\/wp-content\/uploads\/2019\/11\/przemyslaw-oziemblewski-191030_3555.jpg","contentUrl":"https:\/\/fotografiadlaciekawych.pl\/wp-content\/uploads\/2019\/11\/przemyslaw-oziemblewski-191030_3555.jpg","width":1000,"height":667,"caption":"Przemys\u0142aw Oziemblewski"},{"@type":"BreadcrumbList","@id":"https:\/\/fotografiadlaciekawych.pl\/index.php\/o-mnie\/#breadcrumb","itemListElement":[{"@type":"ListItem","position":1,"name":"Home","item":"https:\/\/fotografiadlaciekawych.pl\/"},{"@type":"ListItem","position":2,"name":"O mnie"}]},{"@type":"WebSite","@id":"https:\/\/fotografiadlaciekawych.pl\/#website","url":"https:\/\/fotografiadlaciekawych.pl\/","name":"Fotografia dla ciekawych","description":"Blog prowadzony od 2008 r.","publisher":{"@id":"https:\/\/fotografiadlaciekawych.pl\/#\/schema\/person\/a9c16bf51d40163ef50c7170ff56de4d"},"potentialAction":[{"@type":"SearchAction","target":{"@type":"EntryPoint","urlTemplate":"https:\/\/fotografiadlaciekawych.pl\/?s={search_term_string}"},"query-input":{"@type":"PropertyValueSpecification","valueRequired":true,"valueName":"search_term_string"}}],"inLanguage":"pl-PL"},{"@type":["Person","Organization"],"@id":"https:\/\/fotografiadlaciekawych.pl\/#\/schema\/person\/a9c16bf51d40163ef50c7170ff56de4d","name":"Przemys\u0142aw Oziemblewski","image":{"@type":"ImageObject","inLanguage":"pl-PL","@id":"https:\/\/fotografiadlaciekawych.pl\/wp-content\/uploads\/2020\/12\/przemek-oziemblewski-250px.jpg","url":"https:\/\/fotografiadlaciekawych.pl\/wp-content\/uploads\/2020\/12\/przemek-oziemblewski-250px.jpg","contentUrl":"https:\/\/fotografiadlaciekawych.pl\/wp-content\/uploads\/2020\/12\/przemek-oziemblewski-250px.jpg","width":250,"height":250,"caption":"Przemys\u0142aw Oziemblewski"},"logo":{"@id":"https:\/\/fotografiadlaciekawych.pl\/wp-content\/uploads\/2020\/12\/przemek-oziemblewski-250px.jpg"},"sameAs":["http:\/\/fotografiadlaciekawych.pl","https:\/\/www.facebook.com\/przemyslaw.oziemblewski","https:\/\/www.instagram.com\/p.oziemblewski\/","https:\/\/www.pinterest.com\/fotodcpl\/","https:\/\/youtube.com\/@PrzemyslawOziemblewski"]}]}},"jetpack_sharing_enabled":true,"jetpack-related-posts":[{"id":14397,"url":"https:\/\/fotografiadlaciekawych.pl\/index.php\/linki\/","url_meta":{"origin":13630,"position":0},"title":"Linki","author":"Przemys\u0142aw Oziemblewski","date":"wtorek, 14 kwi 2020","format":false,"excerpt":"Zapraszam Fotografia dla ciekawych \u2014 darmowy ebook Fotografia dla ciekawych \u2014 blog Fotografia dla ciekawych \u2014 darmowe poradniki Fotografia dla ciekawych \/ Przepis na zdj\u0119cie Fotografia dla ciekawych \/ Kalendarz \u2014 kalendaria Fotografia dla ciekawych \/ Tapety Przemys\u0142aw Oziemblewski \u2014 strona www Przemys\u0142aw Oziemblewski \/ Publikacje Sklep Najnowszy ebook Zobacz\u2026","rel":"","context":"Podobny wpis","block_context":{"text":"Podobny wpis","link":""},"img":{"alt_text":"Magia nocnych zdj\u0119\u0107 - ebook","src":"https:\/\/i0.wp.com\/fotografiadlaciekawych.pl\/wp-content\/uploads\/2020\/04\/magia-nocnych-zdjec-okladka202107-400px.jpg?resize=350%2C200&ssl=1","width":350,"height":200},"classes":[]},{"id":10287,"url":"https:\/\/fotografiadlaciekawych.pl\/index.php\/do-pobrania\/","url_meta":{"origin":13630,"position":1},"title":"\u015aci\u0105gi fotograficzne","author":"Przemys\u0142aw Oziemblewski","date":"pi\u0105tek, 3 mar 2017","format":false,"excerpt":"Poni\u017cej znajdziesz kilka gotowych do pobrania materia\u0142\u00f3w. Je\u015bli chcesz ich wi\u0119cej, to zapisz si\u0119. Wpisz sw\u00f3j g\u0142\u00f3wny adres email, podaj swoje imi\u0119 i odbierz 9 dodatkowych \u015bci\u0105g fotograficznych. Email Imi\u0119 Szanuj\u0119 twoj\u0105 prywatno\u015b\u0107. Sprawd\u017a moj\u0105 Polityk\u0119 Prywatno\u015bci. \u015aci\u0105ga ze sk\u0142adnik\u00f3w ekspozycji Kliknij aby powi\u0119kszy\u0107 - p\u00f3\u017aniej kliknij prawym klawiszem myszy\u2026","rel":"","context":"Z 7 komentarzami","block_context":{"text":"Z 7 komentarzami","link":"https:\/\/fotografiadlaciekawych.pl\/index.php\/do-pobrania\/#comments"},"img":{"alt_text":"Ekspozycja - wp\u0142yw sk\u0142adnik\u00f3w ekspozycji na zdj\u0119cie","src":"https:\/\/i0.wp.com\/fotografiadlaciekawych.pl\/wp-content\/uploads\/2016\/06\/infografika-wplyw-skladnikow-ekspozycji-1000px-400x250.jpg?resize=350%2C200","width":350,"height":200},"classes":[]}],"_links":{"self":[{"href":"https:\/\/fotografiadlaciekawych.pl\/index.php\/wp-json\/wp\/v2\/pages\/13630","targetHints":{"allow":["GET"]}}],"collection":[{"href":"https:\/\/fotografiadlaciekawych.pl\/index.php\/wp-json\/wp\/v2\/pages"}],"about":[{"href":"https:\/\/fotografiadlaciekawych.pl\/index.php\/wp-json\/wp\/v2\/types\/page"}],"author":[{"embeddable":true,"href":"https:\/\/fotografiadlaciekawych.pl\/index.php\/wp-json\/wp\/v2\/users\/1"}],"replies":[{"embeddable":true,"href":"https:\/\/fotografiadlaciekawych.pl\/index.php\/wp-json\/wp\/v2\/comments?post=13630"}],"version-history":[{"count":34,"href":"https:\/\/fotografiadlaciekawych.pl\/index.php\/wp-json\/wp\/v2\/pages\/13630\/revisions"}],"predecessor-version":[{"id":20046,"href":"https:\/\/fotografiadlaciekawych.pl\/index.php\/wp-json\/wp\/v2\/pages\/13630\/revisions\/20046"}],"wp:attachment":[{"href":"https:\/\/fotografiadlaciekawych.pl\/index.php\/wp-json\/wp\/v2\/media?parent=13630"}],"curies":[{"name":"wp","href":"https:\/\/api.w.org\/{rel}","templated":true}]}}